{"id":3955,"date":"2022-08-31T20:55:45","date_gmt":"2022-08-31T20:55:45","guid":{"rendered":"https:\/\/bstickers-automotive.hu\/register-2\/"},"modified":"2022-08-31T20:56:34","modified_gmt":"2022-08-31T20:56:34","slug":"register-2","status":"publish","type":"page","link":"https:\/\/bstickers-automotive.hu\/de\/register-2\/","title":{"rendered":"Register"},"content":{"rendered":"<div class=\"uwp-register-class bsui sdel-240aa5ef\" ><div class=\"uwp_widgets uwp_widget_register\"><div class=\"uwp_page wpbs\">    <div class=\"row\">\n        <div class=\"card mx-auto container-fluid p-0 border-0\" >\n\t\t\t            <div class=\"card-body\">\n\t\t\t\t<h3 class=\"card-title text-center mb-4\">Registrierung<\/h3>\n                <form class=\"uwp-registration-form uwp_form\" method=\"post\" enctype=\"multipart\/form-data\" action=\"\">\n\t\t\t\t\t<div data-argument=\"first_name\" class=\"mb-3\"  ><label  for=\"first_name\"  class=\"sr-only   form-label\" >Nachname <span class=\"text-danger\">*<\/span><\/label><input type=\"text\"  name=\"first_name\"  id=\"first_name\"  placeholder=\"Vezet\u00e9kn\u00e9v *\"  title=\"Nachname\"  required class=\"form-control\"  ><\/div><div data-argument=\"last_name\" class=\"mb-3\"  ><label  for=\"last_name\"  class=\"sr-only   form-label\" >Vorname <span class=\"text-danger\">*<\/span><\/label><input type=\"text\"  name=\"last_name\"  id=\"last_name\"  placeholder=\"Keresztn\u00e9v *\"  title=\"Vorname\"  required class=\"form-control\"  ><\/div><div data-argument=\"username\" class=\"mb-3\"  ><label  for=\"username\"  class=\"sr-only   form-label\" >Felhaszn\u00e1l\u00f3n\u00e9v <span class=\"text-danger\">*<\/span><\/label><input type=\"text\"  name=\"username\"  id=\"username\"  placeholder=\"Felhaszn\u00e1l\u00f3n\u00e9v *\"  title=\"Felhaszn\u00e1l\u00f3n\u00e9v\"  required class=\"form-control\"  ><\/div><div data-argument=\"email\" class=\"mb-3\"  ><label  for=\"email\"  class=\"sr-only   form-label\" >E-Mail <span class=\"text-danger\">*<\/span><\/label><input type=\"email\"  name=\"email\"  id=\"email\"  placeholder=\"E-Mail *\"  title=\"E-Mail\"  required class=\"form-control\"  ><\/div><div data-argument=\"password\" class=\"mb-3  uwp-password-wrap\"  ><label  for=\"password\"  class=\"sr-only   form-label\" >Passwort <span class=\"text-danger\">*<\/span><\/label><div class=\"input-group\"  ><input type=\"password\"  name=\"password\"  id=\"password\"  placeholder=\"Passwort *\"  title=\"Passwort\"  required class=\"form-control\"  ><span class=\"input-group-text top-0 end-0 c-pointer px-3\" \nonclick=\"var $el = jQuery(this).find('i');$el.toggleClass('fa-eye fa-eye-slash');var $eli = jQuery(this).parent().parent().find('input');if($el.hasClass('fa-eye')){$eli.attr('type','text');}else{$eli.attr('type','password');}\"\n><i class=\"far fa-fw fa-eye-slash\"><\/i><\/span><\/div><\/div><div data-argument=\"confirm_password\" class=\"mb-3  uwp-password-wrap\"  ><label  for=\"confirm_password\"  class=\"sr-only   form-label\" >Passwort best\u00e4tigen <span class=\"text-danger\">*<\/span><\/label><div class=\"input-group\"  ><input type=\"password\"  name=\"confirm_password\"  id=\"confirm_password\"  placeholder=\"Passwort best\u00e4tigen *\"  title=\"Passwort best\u00e4tigen\"  required class=\"form-control\"  ><span class=\"input-group-text top-0 end-0 c-pointer px-3\" \nonclick=\"var $el = jQuery(this).find('i');$el.toggleClass('fa-eye fa-eye-slash');var $eli = jQuery(this).parent().parent().find('input');if($el.hasClass('fa-eye')){$eli.attr('type','text');}else{$eli.attr('type','password');}\"\n><i class=\"far fa-fw fa-eye-slash\"><\/i><\/span><\/div><\/div><input type=\"hidden\" name=\"redirect_to\" value=\"https:\/\/bstickers-automotive.hu\/de\"\/><input type=\"hidden\" name=\"uwp_register_hash\" value=\"6177305e176b7ea3bccf5dabb\" style=\"display:none !important; visibility:hidden !important;\" \/><input type=\"hidden\" name=\"uwp_register_hp\" value=\"\" style=\"display:none !important; visibility:hidden !important;\" size=\"25\" autocomplete=\"off\" \/><input type=\"hidden\" name=\"uwp_register_nonce\" value=\"f1e90caf5a\" \/><input type=\"hidden\" name=\"uwp_register_form_id\" value=\"1\"><button type=\"submit\"  name=\"uwp_register_submit\"  class=\"btn btn-primary w-100 text-uppercase uwp_register_submit\"  >Konto erstellen<\/button>\n                <input type=\"hidden\" name=\"trp-form-language\" value=\"de\"\/><\/form>\n\n                <div class=\"uwp-footer-links\">\n                    <div class=\"uwp-footer-link\">\n\t\t\t\t\t\t<a href=\"https:\/\/bstickers-automotive.hu\/de\/login-2\/\" class=\"d-block text-center mt-2 small uwp-login-link\"  rel=\"nofollow\"  >Bejelentkez\u00e9s<\/a>\n                    <\/div>\n                <\/div>\n\n                <div class=\"mb-3 text-center mb-0 p-0\">\n\t\t\t\t\t<div class=\"uwp-social-class sdel-586297f3\" ><div class=\"uwp_widgets uwp_widget_social_login\"><div class=\"bsui\"><hr \/>Login via Social<div class=\"text-muted h5 mt-n2 mb-2\"><\/div><\/div><\/div><\/div>                <\/div>\n\n            <\/div>\n        <\/div>\n    <\/div>\n<\/div><\/div>\t<script>\n        jQuery( document ).ready( function( $ ) {\n\n            $( 'body' ).on( 'keyup', 'input[name=password], input[name=confirm_password]',\n                function( event ) {\n                    var $form = $(this).closest('form');\n                    if( ! $form.hasClass('uwp-login-form') ) {\n                        uwp_checkPasswordStrength(\n                            $('input[name=password]', $form),         \/\/ First password field\n                            $('input[name=confirm_password]', $form), \/\/ Second password field\n                            $('#uwp-password-strength', $form),           \/\/ Strength meter\n                            $('input[type=submit]', $form),           \/\/ Submit button\n                            ['black', 'listed', 'word']        \/\/ Blacklisted words\n                        );\n                    }\n                }\n            );\n        });\n\t<\/script>\n\t<\/div>","protected":false},"excerpt":{"rendered":"","protected":false},"author":2,"featured_media":0,"parent":0,"menu_order":0,"comment_status":"closed","ping_status":"closed","template":"","meta":{"footnotes":""},"class_list":["post-3955","page","type-page","status-publish","hentry"],"jetpack_sharing_enabled":true,"_links":{"self":[{"href":"https:\/\/bstickers-automotive.hu\/de\/wp-json\/wp\/v2\/pages\/3955","targetHints":{"allow":["GET"]}}],"collection":[{"href":"https:\/\/bstickers-automotive.hu\/de\/wp-json\/wp\/v2\/pages"}],"about":[{"href":"https:\/\/bstickers-automotive.hu\/de\/wp-json\/wp\/v2\/types\/page"}],"author":[{"embeddable":true,"href":"https:\/\/bstickers-automotive.hu\/de\/wp-json\/wp\/v2\/users\/2"}],"replies":[{"embeddable":true,"href":"https:\/\/bstickers-automotive.hu\/de\/wp-json\/wp\/v2\/comments?post=3955"}],"version-history":[{"count":1,"href":"https:\/\/bstickers-automotive.hu\/de\/wp-json\/wp\/v2\/pages\/3955\/revisions"}],"predecessor-version":[{"id":3966,"href":"https:\/\/bstickers-automotive.hu\/de\/wp-json\/wp\/v2\/pages\/3955\/revisions\/3966"}],"wp:attachment":[{"href":"https:\/\/bstickers-automotive.hu\/de\/wp-json\/wp\/v2\/media?parent=3955"}],"curies":[{"name":"wp","href":"https:\/\/api.w.org\/{rel}","templated":true}]}}