{"id":3839,"date":"2022-08-31T19:18:35","date_gmt":"2022-08-31T19:18:35","guid":{"rendered":"https:\/\/bstickers-automotive.hu\/?page_id=3839"},"modified":"2023-01-10T22:52:06","modified_gmt":"2023-01-10T22:52:06","slug":"bmw-g21","status":"publish","type":"page","link":"https:\/\/bstickers-automotive.hu\/de\/bmw-g21\/","title":{"rendered":"Bmw G21"},"content":{"rendered":"<div data-elementor-type=\"wp-page\" data-elementor-id=\"3839\" class=\"elementor elementor-3839\" data-elementor-post-type=\"page\">\n\t\t\t\t\t\t<section class=\"elementor-section elementor-top-section elementor-element elementor-element-b282235 elementor-section-full_width elementor-section-height-min-height elementor-section-items-stretch elementor-section-height-default\" data-id=\"b282235\" data-element_type=\"section\" id=\"uppage\" data-settings=\"{&quot;background_background&quot;:&quot;classic&quot;}\">\n\t\t\t\t\t\t\t<div class=\"elementor-background-overlay\"><\/div>\n\t\t\t\t\t\t\t<div class=\"elementor-container elementor-column-gap-default\">\n\t\t\t\t\t<div class=\"elementor-column elementor-col-50 elementor-top-column elementor-element elementor-element-3ce4f637\" data-id=\"3ce4f637\" data-element_type=\"column\">\n\t\t\t<div class=\"elementor-widget-wrap elementor-element-populated\">\n\t\t\t\t\t\t<div class=\"elementor-element elementor-element-68c279df elementor-widget elementor-widget-spacer\" data-id=\"68c279df\" data-element_type=\"widget\" data-widget_type=\"spacer.default\">\n\t\t\t\t<div class=\"elementor-widget-container\">\n\t\t\t\t\t\t\t<div class=\"elementor-spacer\">\n\t\t\t<div class=\"elementor-spacer-inner\"><\/div>\n\t\t<\/div>\n\t\t\t\t\t\t<\/div>\n\t\t\t\t<\/div>\n\t\t\t\t\t<\/div>\n\t\t<\/div>\n\t\t\t\t<div class=\"elementor-column elementor-col-50 elementor-top-column elementor-element elementor-element-16fdaaa5\" data-id=\"16fdaaa5\" data-element_type=\"column\" data-settings=\"{&quot;background_background&quot;:&quot;classic&quot;}\">\n\t\t\t<div class=\"elementor-widget-wrap elementor-element-populated\">\n\t\t\t\t\t\t<div class=\"elementor-element elementor-element-6a157f56 elementor-widget elementor-widget-heading\" data-id=\"6a157f56\" data-element_type=\"widget\" data-widget_type=\"heading.default\">\n\t\t\t\t<div class=\"elementor-widget-container\">\n\t\t\t\t\t<h1 class=\"elementor-heading-title elementor-size-default\">Bmw G21<\/h1>\t\t\t\t<\/div>\n\t\t\t\t<\/div>\n\t\t\t\t<div class=\"elementor-element elementor-element-41bdce28 elementor-widget elementor-widget-text-editor\" data-id=\"41bdce28\" data-element_type=\"widget\" data-widget_type=\"text-editor.default\">\n\t\t\t\t<div class=\"elementor-widget-container\">\n\t\t\t\t\t\t\t\t\t<p>Egyenesen a szalonb\u00f3l! A tulaj id\u0151ben gondoskodott a v\u00e9delemr\u0151l, \u00edgy 0km-es kor\u00e1ban m\u00e1r megv\u00e9dhett\u00fck!<\/p>\t\t\t\t\t\t\t\t<\/div>\n\t\t\t\t<\/div>\n\t\t\t\t<div class=\"elementor-element elementor-element-8b4cc31 elementor-widget-divider--view-line elementor-widget elementor-widget-divider\" data-id=\"8b4cc31\" data-element_type=\"widget\" data-widget_type=\"divider.default\">\n\t\t\t\t<div class=\"elementor-widget-container\">\n\t\t\t\t\t\t\t<div class=\"elementor-divider\">\n\t\t\t<span class=\"elementor-divider-separator\">\n\t\t\t\t\t\t<\/span>\n\t\t<\/div>\n\t\t\t\t\t\t<\/div>\n\t\t\t\t<\/div>\n\t\t\t\t<div class=\"elementor-element elementor-element-6df06f1f elementor-align-left elementor-icon-list--layout-traditional elementor-list-item-link-full_width elementor-widget elementor-widget-icon-list\" data-id=\"6df06f1f\" data-element_type=\"widget\" data-widget_type=\"icon-list.default\">\n\t\t\t\t<div class=\"elementor-widget-container\">\n\t\t\t\t\t\t\t<ul class=\"elementor-icon-list-items\">\n\t\t\t\t\t\t\t<li class=\"elementor-icon-list-item\">\n\t\t\t\t\t\t\t\t\t\t<span class=\"elementor-icon-list-text\">csomag: Els\u0151 l\u00f6kh\u00e1r\u00edt\u00f3<br>                  Els\u0151 f\u00e9nysz\u00f3r\u00f3k<br>                  Csomagt\u00e9r falc<br>                  Ajt\u00f3 falcok<\/span>\n\t\t\t\t\t\t\t\t\t<\/li>\n\t\t\t\t\t\t\t\t<li class=\"elementor-icon-list-item\">\n\t\t\t\t\t\t\t\t\t\t<span class=\"elementor-icon-list-text\"><\/span>\n\t\t\t\t\t\t\t\t\t<\/li>\n\t\t\t\t\t\t<\/ul>\n\t\t\t\t\t\t<\/div>\n\t\t\t\t<\/div>\n\t\t\t\t<div class=\"elementor-element elementor-element-6925c38b elementor-widget__width-auto elementor-absolute elementor-view-default elementor-widget elementor-widget-icon\" data-id=\"6925c38b\" data-element_type=\"widget\" data-settings=\"{&quot;_position&quot;:&quot;absolute&quot;}\" data-widget_type=\"icon.default\">\n\t\t\t\t<div class=\"elementor-widget-container\">\n\t\t\t\t\t\t\t<div class=\"elementor-icon-wrapper\">\n\t\t\t<a class=\"elementor-icon\" href=\"#down\">\n\t\t\t<svg xmlns=\"http:\/\/www.w3.org\/2000\/svg\" id=\"ec6ca7c9-bfc0-4ab1-87c3-ea5e815431b5\" data-name=\"Layer 1\" width=\"14.4853\" height=\"44.2426\" viewbox=\"0 0 14.4853 44.2426\"><title>Arrow-home<\/title><polygon points=\"13.071 35.454 8.242 40.283 8.243 0 6.243 0 6.242 40.585 1.414 35.757 0 37.172 7.071 44.243 7.394 43.919 7.414 43.94 14.485 36.868 13.071 35.454\" style=\"fill-rule:evenodd\"><\/polygon><\/svg>\t\t\t<\/a>\n\t\t<\/div>\n\t\t\t\t\t\t<\/div>\n\t\t\t\t<\/div>\n\t\t\t\t\t<\/div>\n\t\t<\/div>\n\t\t\t\t\t<\/div>\n\t\t<\/section>\n\t\t\t\t<section class=\"elementor-section elementor-top-section elementor-element elementor-element-348b0d50 elementor-section-full_width elementor-section-height-default elementor-section-height-default\" data-id=\"348b0d50\" data-element_type=\"section\">\n\t\t\t\t\t\t<div class=\"elementor-container elementor-column-gap-default\">\n\t\t\t\t\t<div class=\"elementor-column elementor-col-100 elementor-top-column elementor-element elementor-element-38f9a578\" data-id=\"38f9a578\" data-element_type=\"column\">\n\t\t\t<div class=\"elementor-widget-wrap elementor-element-populated\">\n\t\t\t\t\t\t<div class=\"elementor-element elementor-element-39e9d8df elementor--h-position-center elementor--v-position-middle elementor-widget elementor-widget-slides\" data-id=\"39e9d8df\" data-element_type=\"widget\" data-settings=\"{&quot;navigation&quot;:&quot;none&quot;,&quot;autoplay_speed&quot;:3500,&quot;autoplay&quot;:&quot;yes&quot;,&quot;infinite&quot;:&quot;yes&quot;,&quot;transition&quot;:&quot;slide&quot;,&quot;transition_speed&quot;:500}\" data-widget_type=\"slides.default\">\n\t\t\t\t<div class=\"elementor-widget-container\">\n\t\t\t\t\t\t\t\t\t<div class=\"elementor-swiper\">\n\t\t\t\t\t<div class=\"elementor-slides-wrapper elementor-main-swiper swiper\" role=\"region\" aria-roledescription=\"carousel\" aria-label=\"Slider\" dir=\"ltr\" data-animation=\"\">\n\t\t\t\t<div class=\"swiper-wrapper elementor-slides\">\n\t\t\t\t\t\t\t\t\t\t<div class=\"elementor-repeater-item-d3dc63f swiper-slide\" role=\"group\" aria-roledescription=\"slide\"><div class=\"swiper-slide-bg\" role=\"img\"><\/div><div class=\"swiper-slide-inner\" ><div class=\"swiper-slide-contents\"><\/div><\/div><\/div><div class=\"elementor-repeater-item-020c69b swiper-slide\" role=\"group\" aria-roledescription=\"slide\"><div class=\"swiper-slide-bg\" role=\"img\"><\/div><div class=\"swiper-slide-inner\" ><div class=\"swiper-slide-contents\"><\/div><\/div><\/div>\t\t\t\t<\/div>\n\t\t\t\t\t\t\t\t\t\t\t\t\t\t\t\t\t\t\t\t\t<\/div>\n\t\t\t\t<\/div>\n\t\t\t\t\t\t\t\t<\/div>\n\t\t\t\t<\/div>\n\t\t\t\t\t<\/div>\n\t\t<\/div>\n\t\t\t\t\t<\/div>\n\t\t<\/section>\n\t\t\t\t<section class=\"elementor-section elementor-top-section elementor-element elementor-element-3d22a929 elementor-section-full_width elementor-section-height-default elementor-section-height-default\" data-id=\"3d22a929\" data-element_type=\"section\" data-settings=\"{&quot;background_background&quot;:&quot;classic&quot;}\">\n\t\t\t\t\t\t<div class=\"elementor-container elementor-column-gap-default\">\n\t\t\t\t\t<div class=\"elementor-column elementor-col-100 elementor-top-column elementor-element elementor-element-67a2d553\" data-id=\"67a2d553\" data-element_type=\"column\">\n\t\t\t<div class=\"elementor-widget-wrap elementor-element-populated\">\n\t\t\t\t\t\t<div class=\"elementor-element elementor-element-14b2229c elementor-widget elementor-widget-gallery\" data-id=\"14b2229c\" data-element_type=\"widget\" data-settings=\"{&quot;gap&quot;:{&quot;unit&quot;:&quot;px&quot;,&quot;size&quot;:&quot;0&quot;,&quot;sizes&quot;:[]},&quot;columns&quot;:2,&quot;columns_tablet&quot;:&quot;3&quot;,&quot;gap_tablet&quot;:{&quot;unit&quot;:&quot;px&quot;,&quot;size&quot;:&quot;0&quot;,&quot;sizes&quot;:[]},&quot;columns_mobile&quot;:&quot;2&quot;,&quot;gap_mobile&quot;:{&quot;unit&quot;:&quot;px&quot;,&quot;size&quot;:&quot;0&quot;,&quot;sizes&quot;:[]},&quot;gallery_layout&quot;:&quot;masonry&quot;,&quot;link_to&quot;:&quot;file&quot;,&quot;overlay_background&quot;:&quot;yes&quot;,&quot;content_hover_animation&quot;:&quot;fade-in&quot;}\" data-widget_type=\"gallery.default\">\n\t\t\t\t<div class=\"elementor-widget-container\">\n\t\t\t\t\t\t\t<div class=\"elementor-gallery__container\">\n\t\t\t\t\t\t\t<a class=\"e-gallery-item elementor-gallery-item elementor-animated-content\" href=\"https:\/\/bstickers-automotive.hu\/wp-content\/uploads\/2023\/01\/D37E5279-7DCD-43F5-9F7C-31C3CBAF6674-scaled.jpeg\" data-elementor-open-lightbox=\"yes\" data-elementor-lightbox-slideshow=\"14b2229c\" data-elementor-lightbox-title=\"D37E5279-7DCD-43F5-9F7C-31C3CBAF6674\" data-e-action-hash=\"#elementor-action%3Aaction%3Dlightbox%26settings%3DeyJpZCI6NDA0MiwidXJsIjoiaHR0cHM6XC9cL2JzdGlja2Vycy1hdXRvbW90aXZlLmh1XC93cC1jb250ZW50XC91cGxvYWRzXC8yMDIzXC8wMVwvRDM3RTUyNzktN0RDRC00M0Y1LTlGN0MtMzFDM0NCQUY2Njc0LXNjYWxlZC5qcGVnIiwic2xpZGVzaG93IjoiMTRiMjIyOWMifQ%3D%3D\">\n\t\t\t\t\t<div class=\"e-gallery-image elementor-gallery-item__image\" data-thumbnail=\"https:\/\/bstickers-automotive.hu\/wp-content\/uploads\/2023\/01\/D37E5279-7DCD-43F5-9F7C-31C3CBAF6674-scaled.jpeg\" data-width=\"1920\" data-height=\"2560\" aria-label=\"\" role=\"img\" ><\/div>\n\t\t\t\t\t\t\t\t\t\t\t<div class=\"elementor-gallery-item__overlay\"><\/div>\n\t\t\t\t\t\t\t\t\t\t\t\t\t\t<\/a>\n\t\t\t\t\t\t\t<a class=\"e-gallery-item elementor-gallery-item elementor-animated-content\" href=\"https:\/\/bstickers-automotive.hu\/wp-content\/uploads\/2023\/01\/DCEBB843-96AA-433A-8761-77B97152E7E3-scaled.jpeg\" data-elementor-open-lightbox=\"yes\" data-elementor-lightbox-slideshow=\"14b2229c\" data-elementor-lightbox-title=\"DCEBB843-96AA-433A-8761-77B97152E7E3\" data-e-action-hash=\"#elementor-action%3Aaction%3Dlightbox%26settings%3DeyJpZCI6NDA0MywidXJsIjoiaHR0cHM6XC9cL2JzdGlja2Vycy1hdXRvbW90aXZlLmh1XC93cC1jb250ZW50XC91cGxvYWRzXC8yMDIzXC8wMVwvRENFQkI4NDMtOTZBQS00MzNBLTg3NjEtNzdCOTcxNTJFN0UzLXNjYWxlZC5qcGVnIiwic2xpZGVzaG93IjoiMTRiMjIyOWMifQ%3D%3D\">\n\t\t\t\t\t<div class=\"e-gallery-image elementor-gallery-item__image\" data-thumbnail=\"https:\/\/bstickers-automotive.hu\/wp-content\/uploads\/2023\/01\/DCEBB843-96AA-433A-8761-77B97152E7E3-scaled.jpeg\" data-width=\"1920\" data-height=\"2560\" aria-label=\"\" role=\"img\" ><\/div>\n\t\t\t\t\t\t\t\t\t\t\t<div class=\"elementor-gallery-item__overlay\"><\/div>\n\t\t\t\t\t\t\t\t\t\t\t\t\t\t<\/a>\n\t\t\t\t\t\t\t<a class=\"e-gallery-item elementor-gallery-item elementor-animated-content\" href=\"https:\/\/bstickers-automotive.hu\/wp-content\/uploads\/2023\/01\/3DC9202E-5CD1-4CC4-9657-146875725714-scaled.jpeg\" data-elementor-open-lightbox=\"yes\" data-elementor-lightbox-slideshow=\"14b2229c\" data-elementor-lightbox-title=\"3DC9202E-5CD1-4CC4-9657-146875725714\" data-e-action-hash=\"#elementor-action%3Aaction%3Dlightbox%26settings%3DeyJpZCI6NDAyNiwidXJsIjoiaHR0cHM6XC9cL2JzdGlja2Vycy1hdXRvbW90aXZlLmh1XC93cC1jb250ZW50XC91cGxvYWRzXC8yMDIzXC8wMVwvM0RDOTIwMkUtNUNEMS00Q0M0LTk2NTctMTQ2ODc1NzI1NzE0LXNjYWxlZC5qcGVnIiwic2xpZGVzaG93IjoiMTRiMjIyOWMifQ%3D%3D\">\n\t\t\t\t\t<div class=\"e-gallery-image elementor-gallery-item__image\" data-thumbnail=\"https:\/\/bstickers-automotive.hu\/wp-content\/uploads\/2023\/01\/3DC9202E-5CD1-4CC4-9657-146875725714-scaled.jpeg\" data-width=\"1920\" data-height=\"2560\" aria-label=\"\" role=\"img\" ><\/div>\n\t\t\t\t\t\t\t\t\t\t\t<div class=\"elementor-gallery-item__overlay\"><\/div>\n\t\t\t\t\t\t\t\t\t\t\t\t\t\t<\/a>\n\t\t\t\t\t\t\t<a class=\"e-gallery-item elementor-gallery-item elementor-animated-content\" href=\"https:\/\/bstickers-automotive.hu\/wp-content\/uploads\/2023\/01\/8E5E614B-19BC-4DCE-8F9E-C955F908A274-scaled.jpeg\" data-elementor-open-lightbox=\"yes\" data-elementor-lightbox-slideshow=\"14b2229c\" data-elementor-lightbox-title=\"8E5E614B-19BC-4DCE-8F9E-C955F908A274\" data-e-action-hash=\"#elementor-action%3Aaction%3Dlightbox%26settings%3DeyJpZCI6NDAzMiwidXJsIjoiaHR0cHM6XC9cL2JzdGlja2Vycy1hdXRvbW90aXZlLmh1XC93cC1jb250ZW50XC91cGxvYWRzXC8yMDIzXC8wMVwvOEU1RTYxNEItMTlCQy00RENFLThGOUUtQzk1NUY5MDhBMjc0LXNjYWxlZC5qcGVnIiwic2xpZGVzaG93IjoiMTRiMjIyOWMifQ%3D%3D\">\n\t\t\t\t\t<div class=\"e-gallery-image elementor-gallery-item__image\" data-thumbnail=\"https:\/\/bstickers-automotive.hu\/wp-content\/uploads\/2023\/01\/8E5E614B-19BC-4DCE-8F9E-C955F908A274-scaled.jpeg\" data-width=\"1920\" data-height=\"2560\" aria-label=\"\" role=\"img\" ><\/div>\n\t\t\t\t\t\t\t\t\t\t\t<div class=\"elementor-gallery-item__overlay\"><\/div>\n\t\t\t\t\t\t\t\t\t\t\t\t\t\t<\/a>\n\t\t\t\t\t<\/div>\n\t\t\t\t\t<\/div>\n\t\t\t\t<\/div>\n\t\t\t\t\t<\/div>\n\t\t<\/div>\n\t\t\t\t\t<\/div>\n\t\t<\/section>\n\t\t\t\t<section class=\"elementor-section elementor-top-section elementor-element elementor-element-2c4fb2bd elementor-section-full_width elementor-section-height-default elementor-section-height-default\" data-id=\"2c4fb2bd\" data-element_type=\"section\">\n\t\t\t\t\t\t<div class=\"elementor-container elementor-column-gap-default\">\n\t\t\t\t\t<div class=\"elementor-column elementor-col-100 elementor-top-column elementor-element elementor-element-16d6cdae\" data-id=\"16d6cdae\" data-element_type=\"column\">\n\t\t\t<div class=\"elementor-widget-wrap elementor-element-populated\">\n\t\t\t\t\t\t<div class=\"elementor-element elementor-element-580e46fa elementor-widget elementor-widget-gallery\" data-id=\"580e46fa\" data-element_type=\"widget\" data-settings=\"{&quot;gap&quot;:{&quot;unit&quot;:&quot;px&quot;,&quot;size&quot;:&quot;0&quot;,&quot;sizes&quot;:[]},&quot;columns&quot;:3,&quot;gap_tablet&quot;:{&quot;unit&quot;:&quot;px&quot;,&quot;size&quot;:&quot;0&quot;,&quot;sizes&quot;:[]},&quot;gap_mobile&quot;:{&quot;unit&quot;:&quot;px&quot;,&quot;size&quot;:&quot;0&quot;,&quot;sizes&quot;:[]},&quot;gallery_layout&quot;:&quot;masonry&quot;,&quot;columns_tablet&quot;:3,&quot;columns_mobile&quot;:1,&quot;link_to&quot;:&quot;file&quot;,&quot;overlay_background&quot;:&quot;yes&quot;,&quot;content_hover_animation&quot;:&quot;fade-in&quot;}\" data-widget_type=\"gallery.default\">\n\t\t\t\t<div class=\"elementor-widget-container\">\n\t\t\t\t\t\t\t<div class=\"elementor-gallery__container\">\n\t\t\t\t\t\t\t<a class=\"e-gallery-item elementor-gallery-item elementor-animated-content\" href=\"https:\/\/bstickers-automotive.hu\/wp-content\/uploads\/2023\/01\/4DB163CD-7DDC-4D2C-97C6-46C74FC6FBD9-scaled.jpeg\" data-elementor-open-lightbox=\"yes\" data-elementor-lightbox-slideshow=\"580e46fa\" data-elementor-lightbox-title=\"4DB163CD-7DDC-4D2C-97C6-46C74FC6FBD9\" data-e-action-hash=\"#elementor-action%3Aaction%3Dlightbox%26settings%3DeyJpZCI6NDAyNywidXJsIjoiaHR0cHM6XC9cL2JzdGlja2Vycy1hdXRvbW90aXZlLmh1XC93cC1jb250ZW50XC91cGxvYWRzXC8yMDIzXC8wMVwvNERCMTYzQ0QtN0REQy00RDJDLTk3QzYtNDZDNzRGQzZGQkQ5LXNjYWxlZC5qcGVnIiwic2xpZGVzaG93IjoiNTgwZTQ2ZmEifQ%3D%3D\">\n\t\t\t\t\t<div class=\"e-gallery-image elementor-gallery-item__image\" data-thumbnail=\"https:\/\/bstickers-automotive.hu\/wp-content\/uploads\/2023\/01\/4DB163CD-7DDC-4D2C-97C6-46C74FC6FBD9-scaled.jpeg\" data-width=\"1920\" data-height=\"2560\" aria-label=\"\" role=\"img\" ><\/div>\n\t\t\t\t\t\t\t\t\t\t\t<div class=\"elementor-gallery-item__overlay\"><\/div>\n\t\t\t\t\t\t\t\t\t\t\t\t\t\t<\/a>\n\t\t\t\t\t\t\t<a class=\"e-gallery-item elementor-gallery-item elementor-animated-content\" href=\"https:\/\/bstickers-automotive.hu\/wp-content\/uploads\/2023\/01\/4EB3F8E8-F8E1-4424-AF5A-AA34041161B4-scaled.jpeg\" data-elementor-open-lightbox=\"yes\" data-elementor-lightbox-slideshow=\"580e46fa\" data-elementor-lightbox-title=\"4EB3F8E8-F8E1-4424-AF5A-AA34041161B4\" data-e-action-hash=\"#elementor-action%3Aaction%3Dlightbox%26settings%3DeyJpZCI6NDAyOCwidXJsIjoiaHR0cHM6XC9cL2JzdGlja2Vycy1hdXRvbW90aXZlLmh1XC93cC1jb250ZW50XC91cGxvYWRzXC8yMDIzXC8wMVwvNEVCM0Y4RTgtRjhFMS00NDI0LUFGNUEtQUEzNDA0MTE2MUI0LXNjYWxlZC5qcGVnIiwic2xpZGVzaG93IjoiNTgwZTQ2ZmEifQ%3D%3D\">\n\t\t\t\t\t<div class=\"e-gallery-image elementor-gallery-item__image\" data-thumbnail=\"https:\/\/bstickers-automotive.hu\/wp-content\/uploads\/2023\/01\/4EB3F8E8-F8E1-4424-AF5A-AA34041161B4-scaled.jpeg\" data-width=\"1920\" data-height=\"2560\" aria-label=\"\" role=\"img\" ><\/div>\n\t\t\t\t\t\t\t\t\t\t\t<div class=\"elementor-gallery-item__overlay\"><\/div>\n\t\t\t\t\t\t\t\t\t\t\t\t\t\t<\/a>\n\t\t\t\t\t\t\t<a class=\"e-gallery-item elementor-gallery-item elementor-animated-content\" href=\"https:\/\/bstickers-automotive.hu\/wp-content\/uploads\/2023\/01\/B4173DDB-9F7F-4975-8111-DB66672EA6BD-scaled.jpeg\" data-elementor-open-lightbox=\"yes\" data-elementor-lightbox-slideshow=\"580e46fa\" data-elementor-lightbox-title=\"B4173DDB-9F7F-4975-8111-DB66672EA6BD\" data-e-action-hash=\"#elementor-action%3Aaction%3Dlightbox%26settings%3DeyJpZCI6NDA0MCwidXJsIjoiaHR0cHM6XC9cL2JzdGlja2Vycy1hdXRvbW90aXZlLmh1XC93cC1jb250ZW50XC91cGxvYWRzXC8yMDIzXC8wMVwvQjQxNzNEREItOUY3Ri00OTc1LTgxMTEtREI2NjY3MkVBNkJELXNjYWxlZC5qcGVnIiwic2xpZGVzaG93IjoiNTgwZTQ2ZmEifQ%3D%3D\">\n\t\t\t\t\t<div class=\"e-gallery-image elementor-gallery-item__image\" data-thumbnail=\"https:\/\/bstickers-automotive.hu\/wp-content\/uploads\/2023\/01\/B4173DDB-9F7F-4975-8111-DB66672EA6BD-scaled.jpeg\" data-width=\"1920\" data-height=\"2560\" aria-label=\"\" role=\"img\" ><\/div>\n\t\t\t\t\t\t\t\t\t\t\t<div class=\"elementor-gallery-item__overlay\"><\/div>\n\t\t\t\t\t\t\t\t\t\t\t\t\t\t<\/a>\n\t\t\t\t\t<\/div>\n\t\t\t\t\t<\/div>\n\t\t\t\t<\/div>\n\t\t\t\t\t<\/div>\n\t\t<\/div>\n\t\t\t\t\t<\/div>\n\t\t<\/section>\n\t\t\t\t<section class=\"elementor-section elementor-top-section elementor-element elementor-element-6434ab0 elementor-section-full_width elementor-section-height-default elementor-section-height-default\" data-id=\"6434ab0\" data-element_type=\"section\" data-settings=\"{&quot;background_background&quot;:&quot;classic&quot;}\">\n\t\t\t\t\t\t<div class=\"elementor-container elementor-column-gap-default\">\n\t\t\t\t\t<div class=\"elementor-column elementor-col-100 elementor-top-column elementor-element elementor-element-516a8975\" data-id=\"516a8975\" data-element_type=\"column\">\n\t\t\t<div class=\"elementor-widget-wrap elementor-element-populated\">\n\t\t\t\t\t\t<div class=\"elementor-element elementor-element-387b8511 elementor-widget elementor-widget-gallery\" data-id=\"387b8511\" data-element_type=\"widget\" data-settings=\"{&quot;gap&quot;:{&quot;unit&quot;:&quot;px&quot;,&quot;size&quot;:&quot;0&quot;,&quot;sizes&quot;:[]},&quot;columns&quot;:2,&quot;gap_tablet&quot;:{&quot;unit&quot;:&quot;px&quot;,&quot;size&quot;:&quot;0&quot;,&quot;sizes&quot;:[]},&quot;columns_mobile&quot;:&quot;2&quot;,&quot;gap_mobile&quot;:{&quot;unit&quot;:&quot;px&quot;,&quot;size&quot;:&quot;0&quot;,&quot;sizes&quot;:[]},&quot;gallery_layout&quot;:&quot;masonry&quot;,&quot;columns_tablet&quot;:2,&quot;link_to&quot;:&quot;file&quot;,&quot;overlay_background&quot;:&quot;yes&quot;,&quot;content_hover_animation&quot;:&quot;fade-in&quot;}\" data-widget_type=\"gallery.default\">\n\t\t\t\t<div class=\"elementor-widget-container\">\n\t\t\t\t\t\t\t<div class=\"elementor-gallery__container\">\n\t\t\t\t\t\t\t<a class=\"e-gallery-item elementor-gallery-item elementor-animated-content\" href=\"https:\/\/bstickers-automotive.hu\/wp-content\/uploads\/2023\/01\/AA164331-A0D2-4AEB-A090-4835F85FEFA1-scaled.jpeg\" data-elementor-open-lightbox=\"yes\" data-elementor-lightbox-slideshow=\"387b8511\" data-elementor-lightbox-title=\"AA164331-A0D2-4AEB-A090-4835F85FEFA1\" data-e-action-hash=\"#elementor-action%3Aaction%3Dlightbox%26settings%3DeyJpZCI6NDAzOSwidXJsIjoiaHR0cHM6XC9cL2JzdGlja2Vycy1hdXRvbW90aXZlLmh1XC93cC1jb250ZW50XC91cGxvYWRzXC8yMDIzXC8wMVwvQUExNjQzMzEtQTBEMi00QUVCLUEwOTAtNDgzNUY4NUZFRkExLXNjYWxlZC5qcGVnIiwic2xpZGVzaG93IjoiMzg3Yjg1MTEifQ%3D%3D\">\n\t\t\t\t\t<div class=\"e-gallery-image elementor-gallery-item__image\" data-thumbnail=\"https:\/\/bstickers-automotive.hu\/wp-content\/uploads\/2023\/01\/AA164331-A0D2-4AEB-A090-4835F85FEFA1-scaled.jpeg\" data-width=\"1920\" data-height=\"2560\" aria-label=\"\" role=\"img\" ><\/div>\n\t\t\t\t\t\t\t\t\t\t\t<div class=\"elementor-gallery-item__overlay\"><\/div>\n\t\t\t\t\t\t\t\t\t\t\t\t\t\t<\/a>\n\t\t\t\t\t\t\t<a class=\"e-gallery-item elementor-gallery-item elementor-animated-content\" href=\"https:\/\/bstickers-automotive.hu\/wp-content\/uploads\/2023\/01\/31F12F0F-58DE-4F16-92F8-2C3C89F1744F-scaled.jpeg\" data-elementor-open-lightbox=\"yes\" data-elementor-lightbox-slideshow=\"387b8511\" data-elementor-lightbox-title=\"31F12F0F-58DE-4F16-92F8-2C3C89F1744F\" data-e-action-hash=\"#elementor-action%3Aaction%3Dlightbox%26settings%3DeyJpZCI6NDAzNCwidXJsIjoiaHR0cHM6XC9cL2JzdGlja2Vycy1hdXRvbW90aXZlLmh1XC93cC1jb250ZW50XC91cGxvYWRzXC8yMDIzXC8wMVwvMzFGMTJGMEYtNThERS00RjE2LTkyRjgtMkMzQzg5RjE3NDRGLXNjYWxlZC5qcGVnIiwic2xpZGVzaG93IjoiMzg3Yjg1MTEifQ%3D%3D\">\n\t\t\t\t\t<div class=\"e-gallery-image elementor-gallery-item__image\" data-thumbnail=\"https:\/\/bstickers-automotive.hu\/wp-content\/uploads\/2023\/01\/31F12F0F-58DE-4F16-92F8-2C3C89F1744F-scaled.jpeg\" data-width=\"1920\" data-height=\"2560\" aria-label=\"\" role=\"img\" ><\/div>\n\t\t\t\t\t\t\t\t\t\t\t<div class=\"elementor-gallery-item__overlay\"><\/div>\n\t\t\t\t\t\t\t\t\t\t\t\t\t\t<\/a>\n\t\t\t\t\t\t\t<a class=\"e-gallery-item elementor-gallery-item elementor-animated-content\" href=\"https:\/\/bstickers-automotive.hu\/wp-content\/uploads\/2023\/01\/9CED1D64-4004-432B-A091-1111E8B8192F-scaled.jpeg\" data-elementor-open-lightbox=\"yes\" data-elementor-lightbox-slideshow=\"387b8511\" data-elementor-lightbox-title=\"9CED1D64-4004-432B-A091-1111E8B8192F\" data-e-action-hash=\"#elementor-action%3Aaction%3Dlightbox%26settings%3DeyJpZCI6NDAzMywidXJsIjoiaHR0cHM6XC9cL2JzdGlja2Vycy1hdXRvbW90aXZlLmh1XC93cC1jb250ZW50XC91cGxvYWRzXC8yMDIzXC8wMVwvOUNFRDFENjQtNDAwNC00MzJCLUEwOTEtMTExMUU4QjgxOTJGLXNjYWxlZC5qcGVnIiwic2xpZGVzaG93IjoiMzg3Yjg1MTEifQ%3D%3D\">\n\t\t\t\t\t<div class=\"e-gallery-image elementor-gallery-item__image\" data-thumbnail=\"https:\/\/bstickers-automotive.hu\/wp-content\/uploads\/2023\/01\/9CED1D64-4004-432B-A091-1111E8B8192F-scaled.jpeg\" data-width=\"1920\" data-height=\"2560\" aria-label=\"\" role=\"img\" ><\/div>\n\t\t\t\t\t\t\t\t\t\t\t<div class=\"elementor-gallery-item__overlay\"><\/div>\n\t\t\t\t\t\t\t\t\t\t\t\t\t\t<\/a>\n\t\t\t\t\t\t\t<a class=\"e-gallery-item elementor-gallery-item elementor-animated-content\" href=\"https:\/\/bstickers-automotive.hu\/wp-content\/uploads\/2023\/01\/13162477-EEA4-4975-BD42-0EBF850A662F-scaled.jpeg\" data-elementor-open-lightbox=\"yes\" data-elementor-lightbox-slideshow=\"387b8511\" data-elementor-lightbox-title=\"13162477-EEA4-4975-BD42-0EBF850A662F\" data-e-action-hash=\"#elementor-action%3Aaction%3Dlightbox%26settings%3DeyJpZCI6NDAzNiwidXJsIjoiaHR0cHM6XC9cL2JzdGlja2Vycy1hdXRvbW90aXZlLmh1XC93cC1jb250ZW50XC91cGxvYWRzXC8yMDIzXC8wMVwvMTMxNjI0NzctRUVBNC00OTc1LUJENDItMEVCRjg1MEE2NjJGLXNjYWxlZC5qcGVnIiwic2xpZGVzaG93IjoiMzg3Yjg1MTEifQ%3D%3D\">\n\t\t\t\t\t<div class=\"e-gallery-image elementor-gallery-item__image\" data-thumbnail=\"https:\/\/bstickers-automotive.hu\/wp-content\/uploads\/2023\/01\/13162477-EEA4-4975-BD42-0EBF850A662F-scaled.jpeg\" data-width=\"1920\" data-height=\"2560\" aria-label=\"\" role=\"img\" ><\/div>\n\t\t\t\t\t\t\t\t\t\t\t<div class=\"elementor-gallery-item__overlay\"><\/div>\n\t\t\t\t\t\t\t\t\t\t\t\t\t\t<\/a>\n\t\t\t\t\t<\/div>\n\t\t\t\t\t<\/div>\n\t\t\t\t<\/div>\n\t\t\t\t\t<\/div>\n\t\t<\/div>\n\t\t\t\t\t<\/div>\n\t\t<\/section>\n\t\t\t\t<\/div>","protected":false},"excerpt":{"rendered":"<p>Bmw G21 Egyenesen a szalonb\u00f3l! A tulaj id\u0151ben gondoskodott a v\u00e9delemr\u0151l, \u00edgy 0km-es kor\u00e1ban m\u00e1r megv\u00e9dhett\u00fck! csomag: Els\u0151 l\u00f6kh\u00e1r\u00edt\u00f3 Els\u0151 f\u00e9nysz\u00f3r\u00f3k Csomagt\u00e9r falc Ajt\u00f3 falcok Arrow-home<\/p>","protected":false},"author":2,"featured_media":0,"parent":0,"menu_order":0,"comment_status":"closed","ping_status":"closed","template":"","meta":{"footnotes":""},"class_list":["post-3839","page","type-page","status-publish","hentry"],"jetpack_sharing_enabled":true,"_links":{"self":[{"href":"https:\/\/bstickers-automotive.hu\/de\/wp-json\/wp\/v2\/pages\/3839","targetHints":{"allow":["GET"]}}],"collection":[{"href":"https:\/\/bstickers-automotive.hu\/de\/wp-json\/wp\/v2\/pages"}],"about":[{"href":"https:\/\/bstickers-automotive.hu\/de\/wp-json\/wp\/v2\/types\/page"}],"author":[{"embeddable":true,"href":"https:\/\/bstickers-automotive.hu\/de\/wp-json\/wp\/v2\/users\/2"}],"replies":[{"embeddable":true,"href":"https:\/\/bstickers-automotive.hu\/de\/wp-json\/wp\/v2\/comments?post=3839"}],"version-history":[{"count":16,"href":"https:\/\/bstickers-automotive.hu\/de\/wp-json\/wp\/v2\/pages\/3839\/revisions"}],"predecessor-version":[{"id":4059,"href":"https:\/\/bstickers-automotive.hu\/de\/wp-json\/wp\/v2\/pages\/3839\/revisions\/4059"}],"wp:attachment":[{"href":"https:\/\/bstickers-automotive.hu\/de\/wp-json\/wp\/v2\/media?parent=3839"}],"curies":[{"name":"wp","href":"https:\/\/api.w.org\/{rel}","templated":true}]}}